{"id":86,"date":"2025-12-15T16:16:56","date_gmt":"2025-12-15T16:16:56","guid":{"rendered":"https:\/\/branqueamentodecapitais.com\/?page_id=86"},"modified":"2025-12-15T16:23:06","modified_gmt":"2025-12-15T16:23:06","slug":"ficha-tecnica","status":"publish","type":"page","link":"https:\/\/branqueamentodecapitais.com\/index.php\/ficha-tecnica\/","title":{"rendered":"Ficha T\u00e9cnica"},"content":{"rendered":"<p>[et_pb_section fb_built=&#8221;1&#8243; theme_builder_area=&#8221;post_content&#8221; _builder_version=&#8221;4.27.5&#8243; _module_preset=&#8221;default&#8221; custom_margin=&#8221;100px||||false|false&#8221; hover_enabled=&#8221;0&#8243; sticky_enabled=&#8221;0&#8243; da_is_popup=&#8221;off&#8221; da_exit_intent=&#8221;off&#8221; da_has_close=&#8221;on&#8221; da_alt_close=&#8221;off&#8221; da_dark_close=&#8221;off&#8221; da_not_modal=&#8221;on&#8221; da_is_singular=&#8221;off&#8221; da_with_loader=&#8221;off&#8221; da_has_shadow=&#8221;on&#8221; da_disable_devices=&#8221;off|off|off&#8221;][et_pb_row _builder_version=&#8221;4.27.5&#8243; _module_preset=&#8221;default&#8221; theme_builder_area=&#8221;post_content&#8221;][et_pb_column _builder_version=&#8221;4.27.5&#8243; _module_preset=&#8221;default&#8221; type=&#8221;4_4&#8243; theme_builder_area=&#8221;post_content&#8221;][et_pb_text _builder_version=&#8221;4.27.5&#8243; _module_preset=&#8221;default&#8221; theme_builder_area=&#8221;post_content&#8221; hover_enabled=&#8221;0&#8243; sticky_enabled=&#8221;0&#8243;]<\/p>\n<h1><strong><span data-contrast=\"none\" xml:lang=\"PT-PT\" lang=\"PT-PT\" class=\"TextRun SCXW169555500 BCX8\"><span class=\"NormalTextRun SCXW169555500 BCX8\">Ficha T\u00e9cnica<\/span><\/span><\/strong><\/h1>\n<p>[\/et_pb_text][et_pb_text _builder_version=&#8221;4.27.5&#8243; _module_preset=&#8221;default&#8221; theme_builder_area=&#8221;post_content&#8221; hover_enabled=&#8221;0&#8243; sticky_enabled=&#8221;0&#8243;]<\/p>\n<h3 class=\"et_pb_module_header\"><strong>Ficha T\u00e9cnica do S\u00edtio Eletr\u00f3nico www.branqueamentodecapitais.com<\/strong><\/h3>\n<p>[\/et_pb_text][et_pb_text _builder_version=&#8221;4.27.5&#8243; _module_preset=&#8221;default&#8221; theme_builder_area=&#8221;post_content&#8221; hover_enabled=&#8221;0&#8243; sticky_enabled=&#8221;0&#8243;]<\/p>\n<div class=\"et_pb_module et_pb_text et_pb_text_2  et_pb_text_align_left et_pb_bg_layout_light\">\n<div class=\"et_pb_text_inner\">\n<p>Ficha de informa\u00e7\u00e3o sobre os elementos de identifica\u00e7\u00e3o institucional do s\u00edtio eletr\u00f3nico<strong> branqueamentodecapitais.com<\/strong>\u00a0das suas carater\u00edsticas gerais e as formas ou condi\u00e7\u00f5es de utiliza\u00e7\u00e3o.<\/p>\n<p><strong>Data de Ativa\u00e7\u00e3o<\/strong><\/p>\n<p>O s\u00edtio eletr\u00f3nico<strong> branqueamentodecapitais.com<\/strong><span>\u00a0<\/span>foi ativado em 23 de Maio de 2025.<\/p>\n<p><strong>Propriedade do S\u00edtio<\/strong><\/p>\n<p>O s\u00edtio eletr\u00f3nico<strong> branqueamentodecapitais.com<\/strong><span>\u00a0<\/span>\u00e9 propriedade da pessoa coletiva Audiqcer, Lda, com o n\u00famero de identifica\u00e7\u00e3o de pessoa coletiva 515234583.<\/p>\n<p><strong>Identifica\u00e7\u00e3o Institucional<\/strong><\/p>\n<p>A pessoa coletiva Audiqcer \u2013 Auditing, Quality &amp; Certification Services, Lda, \u00e9 uma sociedade por quotas constitu\u00edda em Portugal, com sede em Entre as \u00c1guas, Estrada Nacional 255, S\/N, 7860-360 Moura, Portugal, cujo n\u00famero de identifica\u00e7\u00e3o fiscal \u00e9 PT515234583.<\/p>\n<p><strong>Contactos Institucionais<\/strong><\/p>\n<p>A Audiqcer, Lda, pode ser contactada atrav\u00e9s dos seguintes canais de comunica\u00e7\u00e3o:<\/p>\n<p>\u2013 Telefone geral: (+351) 213243750;<br \/>\u2013 Telefax geral: (+351) 213243759;<br \/>\u2013 Correio eletr\u00f3nico geral: info@audiqcer.com<\/p>\n<p><strong>Contacto do Encarregado da Prote\u00e7\u00e3o de Dados<\/strong><\/p>\n<p>O Encarregado da Prote\u00e7\u00e3o de Dados da propriet\u00e1ria do s\u00edtio eletr\u00f3nico pode ser contactado atrav\u00e9s do endere\u00e7o de correio eletr\u00f3nico dataprotection@audiqcer.com .<\/p>\n<p><strong>Contacto do Respons\u00e1vel pela Seguran\u00e7a<\/strong><\/p>\n<p>O Respons\u00e1vel pela Seguran\u00e7a da propriet\u00e1ria do s\u00edtio eletr\u00f3nico pode ser contactado atrav\u00e9s do endere\u00e7o de correio eletr\u00f3nico security@audiqcer.com .<\/p>\n<p><strong>Contacto do Administrador de Sistemas<\/strong><\/p>\n<p>O Administrador de Sistemas da propriet\u00e1ria do s\u00edtio eletr\u00f3nico pode ser contactado atrav\u00e9s do endere\u00e7o de correio eletr\u00f3nico admin@audiqcer.com .<\/p>\n<p><strong>Pol\u00edtica de Prote\u00e7\u00e3o de Dados<\/strong><\/p>\n<p>A Pol\u00edtica de Prote\u00e7\u00e3o de Dados est\u00e1 acess\u00edvel em https:\/\/www.audiqcer.com\/politica-de-protecao-de-dados\/ .<\/p>\n<p><strong>Direitos de Autor<\/strong><\/p>\n<p>O conte\u00fado publicado no s\u00edtio eletr\u00f3nico que n\u00e3o seja proveniente de fontes p\u00fablicas, designadamente os textos, as imagens, os desenhos, as fotografias, as plantas, e todos os demais conte\u00fados, bem como as marcas, os log\u00f3tipos, nomes e denomina\u00e7\u00f5es, est\u00e3o protegidos por direitos de autor e por direitos de propriedade industrial, de que \u00e9 titular a entidade propriet\u00e1ria, o respons\u00e1vel editorial ou outras institui\u00e7\u00f5es expressamente identificadas como tal.<\/p>\n<p>Os conte\u00fados do s\u00edtio eletr\u00f3nico, no seu todo ou em parte, n\u00e3o podem ser editados, publicados, divulgados ou, reproduzidos por quaisquer meios t\u00e9cnicos, bem como n\u00e3o podem ser descarregados ou copiados sem que tenha sido concedida, para o efeito, autoriza\u00e7\u00e3o pr\u00e9via, expressa e escrita por parte da entidade propriet\u00e1ria ou dos outros titulares dos direitos de propriedade intelectual identificados no s\u00edtio.<\/p>\n<p>Igual autoriza\u00e7\u00e3o pr\u00e9via, expressa e escrita, seja por parte da entidade propriet\u00e1ria ou por parte dos outros titulares dos direitos de propriedade intelectual identificados no s\u00edtio, \u00e9 necess\u00e1ria para que os conte\u00fados deste , no seu todo ou em parte, sejam transformados, ou modificados, ou adaptados ou extra\u00eddos para outras utiliza\u00e7\u00f5es, excecionando-se os casos considerados como de utiliza\u00e7\u00e3o livre, previstos na legisla\u00e7\u00e3o portuguesa e em especial no C\u00f3digo dos Direitos de Autor e dos Direitos Conexos.<\/p>\n<p>A utiliza\u00e7\u00e3o n\u00e3o autorizada, qualquer que seja a forma pela qual ela se concretize, ser\u00e1 considerada il\u00edcita perseguida criminal e civilmente, bem como disciplinarmente se for caso disso, junto dos Tribunais Portugueses, nos termos da Lei da Criminalidade Inform\u00e1tica, do C\u00f3digo dos Direitos de Autor e dos Direitos Conexos, do C\u00f3digo da Propriedade Industrial e demais legisla\u00e7\u00e3o aplic\u00e1vel.<\/p>\n<p><strong>Suporte T\u00e9cnico<\/strong><\/p>\n<p>Para qualquer tipo de ajuda ou suporte t\u00e9cnico, \u00e9 favor contactar com o Centro de Help-Desk, atrav\u00e9s da liga\u00e7\u00e3o HELP-DESK ou atrav\u00e9s do Telefone (+351) 213<br \/>243 750, dispon\u00edvel todos os dias \u00fateis, entre as 9.00 e as 18.00 horas.<\/p>\n<\/div>\n<\/div>\n<div class=\"et_pb_module et_pb_text et_pb_text_4  et_pb_text_align_left et_pb_bg_layout_light\">\n<div class=\"et_pb_text_inner\">\n<p><strong>Vers\u00e3o da Ficha T\u00e9cnica<\/strong><\/p>\n<p>A Ficha T\u00e9cnica foi publicada em 23 de Maio de 2025, com a Ref\u00aa: Vers\u00e3o FT\/01.<\/p>\n<\/div>\n<\/div>\n<p>[\/et_pb_text][\/et_pb_column][\/et_pb_row][\/et_pb_section]<\/p>\n","protected":false},"excerpt":{"rendered":"<p>Ficha T\u00e9cnicaFicha T\u00e9cnica do S\u00edtio Eletr\u00f3nico www.branqueamentodecapitais.com Ficha de informa\u00e7\u00e3o sobre os elementos de identifica\u00e7\u00e3o institucional do s\u00edtio eletr\u00f3nico branqueamentodecapitais.com\u00a0das suas carater\u00edsticas gerais e as formas ou condi\u00e7\u00f5es de utiliza\u00e7\u00e3o. Data de Ativa\u00e7\u00e3o O s\u00edtio eletr\u00f3nico branqueamentodecapitais.com\u00a0foi ativado em 23 de Maio de 2025. Propriedade do S\u00edtio O s\u00edtio eletr\u00f3nico branqueamentodecapitais.com\u00a0\u00e9 propriedade da pessoa coletiva [&hellip;]<\/p>\n","protected":false},"author":2,"featured_media":0,"parent":0,"menu_order":0,"comment_status":"closed","ping_status":"closed","template":"","meta":{"_et_pb_use_builder":"on","_et_pb_old_content":"","_et_gb_content_width":"","footnotes":""},"class_list":["post-86","page","type-page","status-publish","hentry"],"aioseo_notices":[],"jetpack_sharing_enabled":true,"_links":{"self":[{"href":"https:\/\/branqueamentodecapitais.com\/index.php\/wp-json\/wp\/v2\/pages\/86","targetHints":{"allow":["GET"]}}],"collection":[{"href":"https:\/\/branqueamentodecapitais.com\/index.php\/wp-json\/wp\/v2\/pages"}],"about":[{"href":"https:\/\/branqueamentodecapitais.com\/index.php\/wp-json\/wp\/v2\/types\/page"}],"author":[{"embeddable":true,"href":"https:\/\/branqueamentodecapitais.com\/index.php\/wp-json\/wp\/v2\/users\/2"}],"replies":[{"embeddable":true,"href":"https:\/\/branqueamentodecapitais.com\/index.php\/wp-json\/wp\/v2\/comments?post=86"}],"version-history":[{"count":3,"href":"https:\/\/branqueamentodecapitais.com\/index.php\/wp-json\/wp\/v2\/pages\/86\/revisions"}],"predecessor-version":[{"id":89,"href":"https:\/\/branqueamentodecapitais.com\/index.php\/wp-json\/wp\/v2\/pages\/86\/revisions\/89"}],"wp:attachment":[{"href":"https:\/\/branqueamentodecapitais.com\/index.php\/wp-json\/wp\/v2\/media?parent=86"}],"curies":[{"name":"wp","href":"https:\/\/api.w.org\/{rel}","templated":true}]}}